{"id":4994,"date":"2019-09-30T12:11:20","date_gmt":"2019-09-30T12:11:20","guid":{"rendered":"https:\/\/let.international\/?page_id=4994"},"modified":"2022-03-15T21:54:21","modified_gmt":"2022-03-15T21:54:21","slug":"about-us","status":"publish","type":"page","link":"https:\/\/let.international\/fr\/about-us\/","title":{"rendered":"LET"},"content":{"rendered":"<div class=\"wpb-content-wrapper\"><section id=\"ut-section-69e26e1a4b5a1\" data-vc-full-width=\"true\" data-vc-full-width-init=\"false\" data-cursor-skin=\"global\" class=\"vc_section ut-vc-160 vc_section-has-no-fill ut-section-69e26e1a4b5af\"><div id=\"ut-row-69e26e1a4c2b4\" data-vc-full-width=\"true\" data-vc-full-width-init=\"false\" class=\"vc_row wpb_row vc_row-fluid vc_column-gap-0 ut-row-69e26e1a4c2c3\" ><div class=\"wpb_column vc_column_container vc_col-sm-2\" ><div id=\"ut_inner_column_69e26e1a4ca6d\" class=\"vc_column-inner\" ><div class=\"wpb_wrapper\"><\/div><\/div><\/div><div class=\"wpb_column vc_column_container vc_col-sm-8\" ><div id=\"ut_inner_column_69e26e1a4cc7a\" class=\"vc_column-inner\" ><div class=\"wpb_wrapper\"><div class=\"wpb_content_element\"><style type=\"text\/css\">#ut_header_69e26e1a4d46f h2.section-title { font-size:75px !important;line-height:90px !important;letter-spacing:-0.03em; }<\/style><header id=\"ut_header_69e26e1a4d46f\" class=\"section-header  ut-no-title-linebreak-mobile ut-no-lead-linebreak-mobile pt-style-7 header-left header-tablet-left header-mobile-center element-with-custom-line-height\"><div class=\"element-with-custom-line-height\" ><h2 data-title=\"About LET\"  data-responsive-font=\"section_title\" data-responsive-font-settings=\"{&quot;base-font-size&quot;:&quot;global&quot;,&quot;font-size&quot;:{&quot;desktop_large&quot;:&quot;75&quot;},&quot;base-line-height&quot;:&quot;global&quot;,&quot;line-height&quot;:{&quot;desktop_large&quot;:&quot;90&quot;},&quot;base-letter-spacing&quot;:&quot;global&quot;,&quot;letter-spacing&quot;:{&quot;desktop_large&quot;:&quot;-0.03&quot;}}\" class=\"section-title\"><span>\u00c0 propos de LET<\/span><\/h2><\/div><\/header><\/div><\/div><\/div><\/div><div class=\"wpb_column vc_column_container vc_col-sm-2\" ><div id=\"ut_inner_column_69e26e1a52e6a\" class=\"vc_column-inner\" ><div class=\"wpb_wrapper\"><\/div><\/div><\/div><\/div><div class=\"vc_row-full-width vc_clearfix\"><\/div><a data-id=\"section-without-id\" class=\"ut-vc-offset-anchor-bottom\" name=\"section-without-id\"><\/a><style type=\"text\/css\">#ut-section-69e26e1a4b5a1{margin-bottom: 0px !important;padding-top: 15px !important;padding-bottom: 0px !important;} <\/style><\/section><div class=\"vc_row-full-width vc_clearfix\"><\/div><section id=\"ut-section-69e26e1a54043\" data-vc-full-width=\"true\" data-vc-full-width-init=\"false\" data-cursor-skin=\"global\" class=\"vc_section ut-vc-160 vc_section-has-no-fill ut-section-69e26e1a5404f\"><div id=\"ut-row-69e26e1a54c82\" data-vc-full-width=\"true\" data-vc-full-width-init=\"false\" class=\"vc_row wpb_row vc_row-fluid vc_column-gap-0 ut-row-69e26e1a54c90\" ><div class=\"wpb_column vc_column_container vc_col-sm-2\" ><div id=\"ut_inner_column_69e26e1a5529a\" class=\"vc_column-inner\" ><div class=\"wpb_wrapper\"><\/div><\/div><\/div><div class=\"wpb_column vc_column_container vc_col-sm-8\" ><div id=\"ut_inner_column_69e26e1a55459\" class=\"vc_column-inner\" ><div class=\"wpb_wrapper\">\r\n\t<div class=\"wpb_text_column wpb_content_element\" >\r\n\t\t<div class=\"wpb_wrapper\">\r\n\t\t\t<p>Avec de solides partenaires dans le monde,<b>\u00a0L\u00b4Enfant Terrible of Africa (LET)<\/b>\u00a0S.a.r.l. est une usine \u00e0 succ\u00e8s, une entreprise de divertissement urbain avec diff\u00e9rentes unit\u00e9s commerciales, o\u00f9 des professionnels offrent des connaissances sp\u00e9cialis\u00e9es, des solutions commerciales et personnalis\u00e9es aux entreprises et aux particuliers ayant une mentalit\u00e9 de vainqueur\u00a0<b>.<\/b>,<\/p>\n<div>\n<p>Chez L'Enfant Terrible of Africa, nous sommes des experts dans nos domaines et atteignons des r\u00e9sultats ax\u00e9s sur les objectifs en \u00e9tant fiers de la cr\u00e9ation, de la mise en \u0153uvre et de l'ex\u00e9cution de ce que nos faisons et de ce que nos clients attendent.<\/p>\n<div><\/div>\n<p><b>.<\/b>\u00a0L'Enfant Terrible of Africa est une source fiable et respect\u00e9e dans le domaine du divertissement. Avec joie, nous consacrons notre temps, notre \u00e9nergie et notre expertise \u00e0 faire de chaque \u00e9v\u00e9nement un succ\u00e8s. Notre liste diversifi\u00e9e comprend quelque chose pour chaque genre. Donc, que vous soyez int\u00e9ress\u00e9 par la production audiovisuelle, le marketing + la publicit\u00e9\/les relations publiques, la gestion\/la planification d'\u00e9v\u00e9nements\/de concerts ou le d\u00e9veloppement de projets de divertissement, nous vous ferons un plaisir de vous servir. \nSi vous pouvez le visualiser, nous pouvons le cr\u00e9er !<\/p>\n<\/div>\n\r\n\t\t<\/div>\r\n\t<\/div>\r\n<\/div><\/div><\/div><div class=\"wpb_column vc_column_container vc_col-sm-2\" ><div id=\"ut_inner_column_69e26e1a5597d\" class=\"vc_column-inner\" ><div class=\"wpb_wrapper\"><\/div><\/div><\/div><\/div><div class=\"vc_row-full-width vc_clearfix\"><\/div><a data-id=\"section-without-id\" class=\"ut-vc-offset-anchor-bottom\" name=\"section-without-id\"><\/a><style type=\"text\/css\">#ut-section-69e26e1a54043{margin-top: 0px !important;padding-top: 10px !important;} <\/style><\/section><div class=\"vc_row-full-width vc_clearfix\"><\/div>\n<\/div>","protected":false},"excerpt":{"rendered":"About LET With strong partners worldwide,\u00a0L\u00b4Enfant Terrible of Africa (LET)\u00a0S.a.r.l. is a Success-Factory, a full-service urban entertainment company with different business units, where professionals offer expert knowledge, customized business and personal solutions to corporate and individual clients with a play-to-win mentality. At\u00a0L\u00b4Enfant Terrible of Africa, we are experts in our fields attaining goal-driven results by [...]","protected":false},"author":1,"featured_media":0,"parent":0,"menu_order":0,"comment_status":"closed","ping_status":"closed","template":"","meta":{"footnotes":""},"class_list":["post-4994","page","type-page","status-publish","hentry"],"_links":{"self":[{"href":"https:\/\/let.international\/fr\/wp-json\/wp\/v2\/pages\/4994","targetHints":{"allow":["GET"]}}],"collection":[{"href":"https:\/\/let.international\/fr\/wp-json\/wp\/v2\/pages"}],"about":[{"href":"https:\/\/let.international\/fr\/wp-json\/wp\/v2\/types\/page"}],"author":[{"embeddable":true,"href":"https:\/\/let.international\/fr\/wp-json\/wp\/v2\/users\/1"}],"replies":[{"embeddable":true,"href":"https:\/\/let.international\/fr\/wp-json\/wp\/v2\/comments?post=4994"}],"version-history":[{"count":4,"href":"https:\/\/let.international\/fr\/wp-json\/wp\/v2\/pages\/4994\/revisions"}],"predecessor-version":[{"id":8820,"href":"https:\/\/let.international\/fr\/wp-json\/wp\/v2\/pages\/4994\/revisions\/8820"}],"wp:attachment":[{"href":"https:\/\/let.international\/fr\/wp-json\/wp\/v2\/media?parent=4994"}],"curies":[{"name":"wp","href":"https:\/\/api.w.org\/{rel}","templated":true}]}}