{"id":8757,"date":"2022-03-14T15:06:45","date_gmt":"2022-03-14T15:06:45","guid":{"rendered":"https:\/\/let.international\/?post_type=product&#038;p=8757"},"modified":"2022-03-14T15:06:45","modified_gmt":"2022-03-14T15:06:45","slug":"magic-system","status":"publish","type":"product","link":"https:\/\/let.international\/fr\/artist\/magic-system\/","title":{"rendered":"Magic System"},"content":{"rendered":"","protected":false},"excerpt":{"rendered":"<div class=\"TzHB6b cLjAic\" data-hveid=\"CD0QAA\" data-ved=\"2ahUKEwiow8i8s7b2AhWEy4UKHRVKBhIQ04gCKAB6BAg9EAA\">\n<div class=\"sATSHe\">\n<div class=\"LuVEUc B03h3d P6OZi V14nKc i8qq8b ptcLIOszQJu__wholepage-card wp-ms\" data-hveid=\"CDwQAA\">\n<div class=\"UDZeY OTFaAf\">\n<div class=\"wDYxhc\" lang=\"en-CI\" data-md=\"50\" data-hveid=\"CDgQAA\" data-ved=\"2ahUKEwiow8i8s7b2AhWEy4UKHRVKBhIQkCl6BAg4EAA\">\n<div class=\"PZPZlf hb8SAc\" data-attrid=\"description\" data-hveid=\"CDgQAQ\" data-ved=\"2ahUKEwiow8i8s7b2AhWEy4UKHRVKBhIQziAoAHoECDgQAQ\">\n<div class=\"kno-rdesc\">\n<div class=\"wDYxhc\" lang=\"en-CI\" data-md=\"50\" data-hveid=\"CC4QAA\" data-ved=\"2ahUKEwjKucvJyLv2AhULLBoKHYobDHwQkCl6BAguEAA\">\n<div class=\"PZPZlf hb8SAc\" data-attrid=\"description\" data-hveid=\"CC4QAQ\" data-ved=\"2ahUKEwjKucvJyLv2AhULLBoKHYobDHwQziAoAHoECC4QAQ\">\n<div class=\"kno-rdesc\">\n<div class=\"wDYxhc\" lang=\"en-CI\" data-md=\"50\" data-hveid=\"CCwQAA\" data-ved=\"2ahUKEwilp-L2ur72AhUGgc4BHUwnDMMQkCl6BAgsEAA\">\n<div class=\"PZPZlf hb8SAc\" data-attrid=\"description\" data-hveid=\"CCwQAQ\" data-ved=\"2ahUKEwilp-L2ur72AhUGgc4BHUwnDMMQziAoAHoECCwQAQ\">\n<div class=\"kno-rdesc\">\n<div class=\"wDYxhc\" lang=\"en-CI\" data-md=\"50\" data-hveid=\"CCEQAA\" data-ved=\"2ahUKEwjywPLnvb72AhUB4BoKHYAEAOIQkCl6BAghEAA\">\n<div class=\"PZPZlf hb8SAc\" data-attrid=\"description\" data-hveid=\"CCEQAQ\" data-ved=\"2ahUKEwjywPLnvb72AhUB4BoKHYAEAOIQziAoAHoECCEQAQ\">\n<div class=\"kno-rdesc\">Magic System is an Ivorian coup\u00e9-d\u00e9cal\u00e9 band from Abidjan. It was founded in 1996 and comprises Asalfo, Goude, Tino, and Manadja. Magic System&#8217;s recordings in the Zouglou dance style have featured in the charts throughout Africa, and in France, where the band became very popular modern African artists.<\/div>\n<div><\/div>\n<\/div>\n<\/div>\n<div class=\"wDYxhc\" lang=\"en-CI\" data-attrid=\"kc:\/people\/person:born\" data-md=\"1001\" data-hveid=\"CCQQAA\" data-ved=\"2ahUKEwjywPLnvb72AhUB4BoKHYAEAOIQkCl6BAgkEAA\">\n<div class=\"Z1hOCe\">\n<div>Top Songs:<\/div>\n<ul>\n<li>1. 1er Gaou<\/li>\n<li>2. Magic In The Air (feat. Ahmed Chawki)<\/li>\n<li>3. Bouger bouger<\/li>\n<li>4. Zouglou Dance<\/li>\n<li><em>5<\/em>. Ki Dit Mi\u00e9<\/li>\n<\/ul>\n<\/div>\n<\/div>\n<\/div>\n<\/div>\n<\/div>\n<\/div>\n<\/div>\n<\/div>\n<\/div>\n<\/div>\n<\/div>\n<\/div>\n<\/div>\n<\/div>\n<\/div>","protected":false},"featured_media":8769,"template":"","meta":[],"product_brand":[],"product_cat":[37],"product_tag":[],"class_list":{"0":"post-8757","1":"product","2":"type-product","3":"status-publish","4":"has-post-thumbnail","6":"product_cat-afrobeat","8":"first","9":"instock","10":"sold-individually","11":"shipping-taxable","12":"purchasable","13":"product-type-simple"},"_links":{"self":[{"href":"https:\/\/let.international\/fr\/wp-json\/wp\/v2\/product\/8757","targetHints":{"allow":["GET"]}}],"collection":[{"href":"https:\/\/let.international\/fr\/wp-json\/wp\/v2\/product"}],"about":[{"href":"https:\/\/let.international\/fr\/wp-json\/wp\/v2\/types\/product"}],"wp:featuredmedia":[{"embeddable":true,"href":"https:\/\/let.international\/fr\/wp-json\/wp\/v2\/media\/8769"}],"wp:attachment":[{"href":"https:\/\/let.international\/fr\/wp-json\/wp\/v2\/media?parent=8757"}],"wp:term":[{"taxonomy":"product_brand","embeddable":true,"href":"https:\/\/let.international\/fr\/wp-json\/wp\/v2\/product_brand?post=8757"},{"taxonomy":"product_cat","embeddable":true,"href":"https:\/\/let.international\/fr\/wp-json\/wp\/v2\/product_cat?post=8757"},{"taxonomy":"product_tag","embeddable":true,"href":"https:\/\/let.international\/fr\/wp-json\/wp\/v2\/product_tag?post=8757"}],"curies":[{"name":"wp","href":"https:\/\/api.w.org\/{rel}","templated":true}]}}